{"id":176,"date":"2024-03-17T19:05:15","date_gmt":"2024-03-17T19:05:15","guid":{"rendered":"https:\/\/www.dummefische.de\/?page_id=176"},"modified":"2024-03-17T19:07:37","modified_gmt":"2024-03-17T19:07:37","slug":"posts","status":"publish","type":"page","link":"https:\/\/www.dummefische.de\/index.php\/posts\/","title":{"rendered":"Posts"},"content":{"rendered":"\n<div class=\"wp-block-query is-layout-flow wp-block-query-is-layout-flow\"><ul class=\"wp-block-post-template is-layout-flow wp-block-post-template-is-layout-flow\"><li class=\"wp-block-post post-209 post type-post status-publish format-standard hentry category-uncategorized tag-diy tag-do-it-yourself tag-eigenbau tag-gewaechshaus-alte-fenster tag-gewaechshaus-aus-holz tag-holzstaenderbauweise tag-selbstbau tag-woodworking\">\n<h2 class=\"wp-block-post-title\"><a href=\"https:\/\/www.dummefische.de\/index.php\/2024\/03\/29\/gewaechshaus-aus-alten-fenstern\/\" target=\"_self\" >Gew\u00e4chshaus aus alten Fenstern<\/a><\/h2>\n\n\n\n<div class=\"wp-block-post-excerpt\"><p class=\"wp-block-post-excerpt__excerpt\">Ein Gew\u00e4chshaus muss nicht immer viel Geld kosten. Klar ganz ohne geht es nicht, aber die g\u00fcnstigen Alu-Gestelle mit ihren extrem d\u00fcnnen Hohlkammerplatten halten ja keinem Sturm stand. Durch Zufall kamen wir zu alten Fensterfl\u00fcgeln aus Holz und schon war uns klar, da kann man doch ein Gew\u00e4chshaus draus bauen&#8230; zum Projekt <\/p><\/div>\n\n\n<hr class=\"wp-block-separator has-css-opacity\"\/>\n\n\n<div class=\"wp-block-post-date\"><time datetime=\"2024-03-29T00:31:07+00:00\">M\u00e4rz 29, 2024<\/time><\/div>\n<\/li><li class=\"wp-block-post post-174 post type-post status-publish format-standard hentry category-garten category-woodworking tag-carport tag-carport-mit-stauraum tag-diy tag-do-it-yourself tag-eigenbau tag-pflastern tag-pultdach tag-selbstbau tag-woodworking\">\n<h2 class=\"wp-block-post-title\"><a href=\"https:\/\/www.dummefische.de\/index.php\/2024\/03\/17\/carport-mit-stauraum\/\" target=\"_self\" >Carport mit Stauraum<\/a><\/h2>\n\n\n\n<div class=\"wp-block-post-excerpt\"><p class=\"wp-block-post-excerpt__excerpt\">Vor dem Gartenhaus kam eigentlich erst unser Carport. Wie immer musste es g\u00fcnstig sein und das fordert viel Schwei\u00df und Energie. zum Projekt <\/p><\/div>\n\n\n<hr class=\"wp-block-separator has-css-opacity\"\/>\n\n\n<div class=\"wp-block-post-date\"><time datetime=\"2024-03-17T19:00:09+00:00\">M\u00e4rz 17, 2024<\/time><\/div>\n<\/li><li class=\"wp-block-post post-145 post type-post status-publish format-standard hentry category-garten category-woodworking tag-diy tag-eigenbau tag-gartenhaus tag-holzstaenderbauweise tag-us-hausbau tag-woodworking\">\n<h2 class=\"wp-block-post-title\"><a href=\"https:\/\/www.dummefische.de\/index.php\/2024\/03\/17\/gartenhaus-3x3m-mit-walmdach-komplett-aus-holz\/\" target=\"_self\" >Gartenhaus 3x3m mit Walmdach komplett aus Holz<\/a><\/h2>\n\n\n\n<div class=\"wp-block-post-excerpt\"><p class=\"wp-block-post-excerpt__excerpt\">2020 haben wir ein altes Nebengeb\u00e4ude abgerissen und wir ben\u00f6tigten einen neuen Stauraum der unserem Stil entspricht. So kam die Idee zu einem amerikanischen Scheunenbaustil. zum Projekt <\/p><\/div>\n\n\n<hr class=\"wp-block-separator has-css-opacity\"\/>\n\n\n<div class=\"wp-block-post-date\"><time datetime=\"2024-03-17T16:33:30+00:00\">M\u00e4rz 17, 2024<\/time><\/div>\n<\/li><\/ul><\/div>\n\n\n<ul class=\"wp-block-archives-list wp-block-archives\">\t<li><a href='https:\/\/www.dummefische.de\/index.php\/2024\/03\/'>M\u00e4rz 2024<\/a><\/li>\n<\/ul>","protected":false},"excerpt":{"rendered":"","protected":false},"author":1,"featured_media":0,"parent":0,"menu_order":0,"comment_status":"closed","ping_status":"closed","template":"","meta":{"footnotes":""},"class_list":["post-176","page","type-page","status-publish","hentry"],"_links":{"self":[{"href":"https:\/\/www.dummefische.de\/index.php\/wp-json\/wp\/v2\/pages\/176","targetHints":{"allow":["GET"]}}],"collection":[{"href":"https:\/\/www.dummefische.de\/index.php\/wp-json\/wp\/v2\/pages"}],"about":[{"href":"https:\/\/www.dummefische.de\/index.php\/wp-json\/wp\/v2\/types\/page"}],"author":[{"embeddable":true,"href":"https:\/\/www.dummefische.de\/index.php\/wp-json\/wp\/v2\/users\/1"}],"replies":[{"embeddable":true,"href":"https:\/\/www.dummefische.de\/index.php\/wp-json\/wp\/v2\/comments?post=176"}],"version-history":[{"count":2,"href":"https:\/\/www.dummefische.de\/index.php\/wp-json\/wp\/v2\/pages\/176\/revisions"}],"predecessor-version":[{"id":181,"href":"https:\/\/www.dummefische.de\/index.php\/wp-json\/wp\/v2\/pages\/176\/revisions\/181"}],"wp:attachment":[{"href":"https:\/\/www.dummefische.de\/index.php\/wp-json\/wp\/v2\/media?parent=176"}],"curies":[{"name":"wp","href":"https:\/\/api.w.org\/{rel}","templated":true}]}}