{"id":150,"date":"2024-03-17T18:17:49","date_gmt":"2024-03-17T18:17:49","guid":{"rendered":"https:\/\/www.dummefische.de\/?page_id=150"},"modified":"2024-11-15T17:54:42","modified_gmt":"2024-11-15T17:54:42","slug":"pultdach-carport-mit-stauraum","status":"publish","type":"page","link":"https:\/\/www.dummefische.de\/index.php\/pultdach-carport-mit-stauraum\/","title":{"rendered":"Pultdach-Carport mit Stauraum"},"content":{"rendered":"\n<p>Ein weiteres Ersatzobjekt f\u00fcr das abgerissene Nebengeb\u00e4ude war ein Carport mit Staufl\u00e4che im Pultdach 6x4m. <\/p>\n\n\n\n<p>Es begann mit der Einfassung des Bodenbereichs mittels normaler Rasenkantensteine in Beton. Punktfundamente vorbereitet und dann ca. 30cm Betonrecycling eingef\u00fcllt und alles sch\u00f6n festger\u00fcttelt. <\/p>\n\n\n\n<div class=\"wp-block-cover\"><span aria-hidden=\"true\" class=\"wp-block-cover__background has-background-dim\"><\/span><img loading=\"lazy\" decoding=\"async\" width=\"400\" height=\"300\" class=\"wp-block-cover__image-background wp-image-154\" alt=\"\" src=\"https:\/\/www.dummefische.de\/wp-content\/uploads\/2024\/03\/IMG-20200315-WA0001.jpg\" data-object-fit=\"cover\" srcset=\"https:\/\/www.dummefische.de\/wp-content\/uploads\/2024\/03\/IMG-20200315-WA0001.jpg 400w, https:\/\/www.dummefische.de\/wp-content\/uploads\/2024\/03\/IMG-20200315-WA0001-300x225.jpg 300w, https:\/\/www.dummefische.de\/wp-content\/uploads\/2024\/03\/IMG-20200315-WA0001-210x158.jpg 210w\" sizes=\"auto, (max-width: 400px) 100vw, 400px\" \/><div class=\"wp-block-cover__inner-container is-layout-flow wp-block-cover-is-layout-flow\">\n<p class=\"has-text-align-center has-large-font-size\"><\/p>\n<\/div><\/div>\n\n\n\n<p>Eine Schicht Pflastersplitt und dann das ganze mit einem Schalbrett abgezogen&#8230;<\/p>\n\n\n\n<figure class=\"wp-block-image size-full\"><img loading=\"lazy\" decoding=\"async\" width=\"756\" height=\"1008\" src=\"https:\/\/www.dummefische.de\/wp-content\/uploads\/2024\/03\/MVIMG_20200318_171251.jpg\" alt=\"\" class=\"wp-image-156\" srcset=\"https:\/\/www.dummefische.de\/wp-content\/uploads\/2024\/03\/MVIMG_20200318_171251.jpg 756w, https:\/\/www.dummefische.de\/wp-content\/uploads\/2024\/03\/MVIMG_20200318_171251-225x300.jpg 225w, https:\/\/www.dummefische.de\/wp-content\/uploads\/2024\/03\/MVIMG_20200318_171251-158x210.jpg 158w\" sizes=\"auto, (max-width: 756px) 100vw, 756px\" \/><\/figure>\n\n\n\n<p>Leider haben unsere alten Pflastersteine nicht mehr ausgereicht, die wir an anderer Stelle im Hof zur\u00fcck gebaut haben. Da mussten tats\u00e4chlich noch ein paar m\u00b2 neue heran geschafft werden.<\/p>\n\n\n\n<p>Wenn es gut abgezogen ist, geht das verlegen recht schnell.<\/p>\n\n\n\n<div class=\"wp-block-cover\"><span aria-hidden=\"true\" class=\"wp-block-cover__background has-background-dim\"><\/span><img loading=\"lazy\" decoding=\"async\" width=\"400\" height=\"225\" class=\"wp-block-cover__image-background wp-image-157\" alt=\"\" src=\"https:\/\/www.dummefische.de\/wp-content\/uploads\/2024\/03\/IMG-20200321-WA0006.jpg\" data-object-fit=\"cover\" srcset=\"https:\/\/www.dummefische.de\/wp-content\/uploads\/2024\/03\/IMG-20200321-WA0006.jpg 400w, https:\/\/www.dummefische.de\/wp-content\/uploads\/2024\/03\/IMG-20200321-WA0006-300x169.jpg 300w, https:\/\/www.dummefische.de\/wp-content\/uploads\/2024\/03\/IMG-20200321-WA0006-210x118.jpg 210w\" sizes=\"auto, (max-width: 400px) 100vw, 400px\" \/><div class=\"wp-block-cover__inner-container is-layout-flow wp-block-cover-is-layout-flow\">\n<p class=\"has-text-align-center has-large-font-size\"><\/p>\n<\/div><\/div>\n\n\n\n<p>H-Anker einbetonieren und den \u00dcbergang zwischen Pflaster und alten betonplatten haben wir auch mit Beton ausgegossen.<\/p>\n\n\n\n<div class=\"wp-block-cover\"><span aria-hidden=\"true\" class=\"wp-block-cover__background has-background-dim\"><\/span><img loading=\"lazy\" decoding=\"async\" width=\"400\" height=\"225\" class=\"wp-block-cover__image-background wp-image-158\" alt=\"\" src=\"https:\/\/www.dummefische.de\/wp-content\/uploads\/2024\/03\/IMG-20200321-WA0023.jpg\" data-object-fit=\"cover\" srcset=\"https:\/\/www.dummefische.de\/wp-content\/uploads\/2024\/03\/IMG-20200321-WA0023.jpg 400w, https:\/\/www.dummefische.de\/wp-content\/uploads\/2024\/03\/IMG-20200321-WA0023-300x169.jpg 300w, https:\/\/www.dummefische.de\/wp-content\/uploads\/2024\/03\/IMG-20200321-WA0023-210x118.jpg 210w\" sizes=\"auto, (max-width: 400px) 100vw, 400px\" \/><div class=\"wp-block-cover__inner-container is-layout-flow wp-block-cover-is-layout-flow\">\n<p class=\"has-text-align-center has-large-font-size\"><\/p>\n<\/div><\/div>\n\n\n\n<p>Und dann gings los mit Balken setzen&#8230;die senkrechten sind alles 12x12cm und als Dachsparren dienen Baudielen mit 25cmx5cm und 4m L\u00e4nge. Zum befestigen der Balken im H-Anker nutze ich immer Gewindest\u00e4be, die ich mir auf die richtige L\u00e4nge zuschneide. Balken an den H-Ankern komplett durchbohren und die Gewindestangen durchschlagen, verschrauben fertig. H\u00e4lt definitiv besser als die \u00fcberteuerten Schrauben.<\/p>\n\n\n\n<figure class=\"wp-block-image size-large\"><img loading=\"lazy\" decoding=\"async\" width=\"1024\" height=\"768\" src=\"https:\/\/www.dummefische.de\/wp-content\/uploads\/2024\/03\/IMG-20200329-WA0003-1024x768.jpg\" alt=\"\" class=\"wp-image-159\" srcset=\"https:\/\/www.dummefische.de\/wp-content\/uploads\/2024\/03\/IMG-20200329-WA0003-1024x768.jpg 1024w, https:\/\/www.dummefische.de\/wp-content\/uploads\/2024\/03\/IMG-20200329-WA0003-300x225.jpg 300w, https:\/\/www.dummefische.de\/wp-content\/uploads\/2024\/03\/IMG-20200329-WA0003-768x576.jpg 768w, https:\/\/www.dummefische.de\/wp-content\/uploads\/2024\/03\/IMG-20200329-WA0003-1536x1152.jpg 1536w, https:\/\/www.dummefische.de\/wp-content\/uploads\/2024\/03\/IMG-20200329-WA0003-210x158.jpg 210w, https:\/\/www.dummefische.de\/wp-content\/uploads\/2024\/03\/IMG-20200329-WA0003.jpg 1600w\" sizes=\"auto, (max-width: 980px) 100vw, 980px\" \/><\/figure>\n\n\n\n<p>Als Dachsparren musste ich die Kanth\u00f6lzer mit Schalbrettern anlaschen und verl\u00e4ngern.<\/p>\n\n\n\n<div class=\"wp-block-cover\"><span aria-hidden=\"true\" class=\"wp-block-cover__background has-background-dim\"><\/span><img loading=\"lazy\" decoding=\"async\" width=\"400\" height=\"300\" class=\"wp-block-cover__image-background wp-image-160\" alt=\"\" src=\"https:\/\/www.dummefische.de\/wp-content\/uploads\/2024\/03\/IMG-20200402-WA0010.jpg\" data-object-fit=\"cover\" srcset=\"https:\/\/www.dummefische.de\/wp-content\/uploads\/2024\/03\/IMG-20200402-WA0010.jpg 400w, https:\/\/www.dummefische.de\/wp-content\/uploads\/2024\/03\/IMG-20200402-WA0010-300x225.jpg 300w, https:\/\/www.dummefische.de\/wp-content\/uploads\/2024\/03\/IMG-20200402-WA0010-210x158.jpg 210w\" sizes=\"auto, (max-width: 400px) 100vw, 400px\" \/><div class=\"wp-block-cover__inner-container is-layout-flow wp-block-cover-is-layout-flow\">\n<p class=\"has-text-align-center has-large-font-size\"><\/p>\n<\/div><\/div>\n\n\n\n<p>Das schlimmste war dann wirklich alles zu streichen&#8230;das grenzte an Folter.<\/p>\n\n\n\n<p>Dachlatten drauf und Unterspannbahn als Schutz gegen Kondenswasser vom Trapezblech.<\/p>\n\n\n\n<div class=\"wp-block-cover\"><span aria-hidden=\"true\" class=\"wp-block-cover__background has-background-dim\"><\/span><img loading=\"lazy\" decoding=\"async\" width=\"400\" height=\"300\" class=\"wp-block-cover__image-background wp-image-161\" alt=\"\" src=\"https:\/\/www.dummefische.de\/wp-content\/uploads\/2024\/03\/IMG-20200412-WA0011.jpg\" data-object-fit=\"cover\" srcset=\"https:\/\/www.dummefische.de\/wp-content\/uploads\/2024\/03\/IMG-20200412-WA0011.jpg 400w, https:\/\/www.dummefische.de\/wp-content\/uploads\/2024\/03\/IMG-20200412-WA0011-300x225.jpg 300w, https:\/\/www.dummefische.de\/wp-content\/uploads\/2024\/03\/IMG-20200412-WA0011-210x158.jpg 210w\" sizes=\"auto, (max-width: 400px) 100vw, 400px\" \/><div class=\"wp-block-cover__inner-container is-layout-flow wp-block-cover-is-layout-flow\">\n<p class=\"has-text-align-center has-large-font-size\"><\/p>\n<\/div><\/div>\n\n\n\n<p>Trapezblech aus Stahl drauf und schon hatten wir den Regenschutz. Da die hintere Seite bei uns die Wetterseite ist haben wir diese auch mit Schalbrettern verkleidet. Eine alte Glasscheibe habe ich in einen Holzrahmen als Fenster eingebaut.<\/p>\n\n\n\n<div class=\"wp-block-cover\"><span aria-hidden=\"true\" class=\"wp-block-cover__background has-background-dim\"><\/span><img loading=\"lazy\" decoding=\"async\" width=\"400\" height=\"300\" class=\"wp-block-cover__image-background wp-image-162\" alt=\"\" src=\"https:\/\/www.dummefische.de\/wp-content\/uploads\/2024\/03\/IMG-20200413-WA0003.jpg\" data-object-fit=\"cover\" srcset=\"https:\/\/www.dummefische.de\/wp-content\/uploads\/2024\/03\/IMG-20200413-WA0003.jpg 400w, https:\/\/www.dummefische.de\/wp-content\/uploads\/2024\/03\/IMG-20200413-WA0003-300x225.jpg 300w, https:\/\/www.dummefische.de\/wp-content\/uploads\/2024\/03\/IMG-20200413-WA0003-210x158.jpg 210w\" sizes=\"auto, (max-width: 400px) 100vw, 400px\" \/><div class=\"wp-block-cover__inner-container is-layout-flow wp-block-cover-is-layout-flow\">\n<p class=\"has-text-align-center has-large-font-size\"><\/p>\n<\/div><\/div>\n\n\n\n<div class=\"wp-block-cover\"><span aria-hidden=\"true\" class=\"wp-block-cover__background has-background-dim\"><\/span><img loading=\"lazy\" decoding=\"async\" width=\"400\" height=\"300\" class=\"wp-block-cover__image-background wp-image-163\" alt=\"\" src=\"https:\/\/www.dummefische.de\/wp-content\/uploads\/2024\/03\/IMG-20200413-WA0004.jpg\" data-object-fit=\"cover\" srcset=\"https:\/\/www.dummefische.de\/wp-content\/uploads\/2024\/03\/IMG-20200413-WA0004.jpg 400w, https:\/\/www.dummefische.de\/wp-content\/uploads\/2024\/03\/IMG-20200413-WA0004-300x225.jpg 300w, https:\/\/www.dummefische.de\/wp-content\/uploads\/2024\/03\/IMG-20200413-WA0004-210x158.jpg 210w\" sizes=\"auto, (max-width: 400px) 100vw, 400px\" \/><div class=\"wp-block-cover__inner-container is-layout-flow wp-block-cover-is-layout-flow\">\n<p class=\"has-text-align-center has-large-font-size\"><\/p>\n<\/div><\/div>\n\n\n\n<div class=\"wp-block-cover\"><span aria-hidden=\"true\" class=\"wp-block-cover__background has-background-dim\"><\/span><img loading=\"lazy\" decoding=\"async\" width=\"400\" height=\"300\" class=\"wp-block-cover__image-background wp-image-164\" alt=\"\" src=\"https:\/\/www.dummefische.de\/wp-content\/uploads\/2024\/03\/IMG-20200413-WA0006.jpg\" data-object-fit=\"cover\" srcset=\"https:\/\/www.dummefische.de\/wp-content\/uploads\/2024\/03\/IMG-20200413-WA0006.jpg 400w, https:\/\/www.dummefische.de\/wp-content\/uploads\/2024\/03\/IMG-20200413-WA0006-300x225.jpg 300w, https:\/\/www.dummefische.de\/wp-content\/uploads\/2024\/03\/IMG-20200413-WA0006-210x158.jpg 210w\" sizes=\"auto, (max-width: 400px) 100vw, 400px\" \/><div class=\"wp-block-cover__inner-container is-layout-flow wp-block-cover-is-layout-flow\">\n<p class=\"has-text-align-center has-large-font-size\"><\/p>\n<\/div><\/div>\n\n\n\n<p>An der Sparrenverl\u00e4ngerung habe ich immer eine St\u00fctze zu den Dielen eingebaut, somit bleibt die Sparrenverl\u00e4ngerung nicht so belastet.<\/p>\n\n\n\n<div class=\"wp-block-cover\"><span aria-hidden=\"true\" class=\"wp-block-cover__background has-background-dim\"><\/span><img loading=\"lazy\" decoding=\"async\" width=\"122\" height=\"103\" class=\"wp-block-cover__image-background wp-image-165\" alt=\"\" src=\"https:\/\/www.dummefische.de\/wp-content\/uploads\/2024\/03\/IMG-20200413-WA0009.jpg\" data-object-fit=\"cover\"\/><div class=\"wp-block-cover__inner-container is-layout-flow wp-block-cover-is-layout-flow\">\n<p class=\"has-text-align-center has-large-font-size\"><\/p>\n<\/div><\/div>\n\n\n\n<p>Dann ging es oben mit der Verkleidung aus Schaltbrettern weiter&#8230;<\/p>\n\n\n\n<div class=\"wp-block-cover\"><span aria-hidden=\"true\" class=\"wp-block-cover__background has-background-dim\"><\/span><img loading=\"lazy\" decoding=\"async\" width=\"400\" height=\"300\" class=\"wp-block-cover__image-background wp-image-166\" alt=\"\" src=\"https:\/\/www.dummefische.de\/wp-content\/uploads\/2024\/03\/IMG-20200423-WA0004.jpg\" data-object-fit=\"cover\" srcset=\"https:\/\/www.dummefische.de\/wp-content\/uploads\/2024\/03\/IMG-20200423-WA0004.jpg 400w, https:\/\/www.dummefische.de\/wp-content\/uploads\/2024\/03\/IMG-20200423-WA0004-300x225.jpg 300w, https:\/\/www.dummefische.de\/wp-content\/uploads\/2024\/03\/IMG-20200423-WA0004-210x158.jpg 210w\" sizes=\"auto, (max-width: 400px) 100vw, 400px\" \/><div class=\"wp-block-cover__inner-container is-layout-flow wp-block-cover-is-layout-flow\">\n<p class=\"has-text-align-center has-large-font-size\"><\/p>\n<\/div><\/div>\n\n\n\n<p>Der Dachboden wurde mit 22mm OSB-Platten ausgelegt und verschraubt. Ist ein guter Stauraum entstanden.<\/p>\n\n\n\n<figure class=\"wp-block-image size-full\"><img loading=\"lazy\" decoding=\"async\" width=\"1008\" height=\"756\" src=\"https:\/\/www.dummefische.de\/wp-content\/uploads\/2024\/03\/IMG_20200509_175737.jpg\" alt=\"\" class=\"wp-image-170\" srcset=\"https:\/\/www.dummefische.de\/wp-content\/uploads\/2024\/03\/IMG_20200509_175737.jpg 1008w, https:\/\/www.dummefische.de\/wp-content\/uploads\/2024\/03\/IMG_20200509_175737-300x225.jpg 300w, https:\/\/www.dummefische.de\/wp-content\/uploads\/2024\/03\/IMG_20200509_175737-768x576.jpg 768w, https:\/\/www.dummefische.de\/wp-content\/uploads\/2024\/03\/IMG_20200509_175737-210x158.jpg 210w\" sizes=\"auto, (max-width: 980px) 100vw, 980px\" \/><\/figure>\n\n\n\n<p>Fast fertig&#8230;<\/p>\n\n\n\n<figure class=\"wp-block-image size-large\"><img loading=\"lazy\" decoding=\"async\" width=\"1024\" height=\"768\" src=\"https:\/\/www.dummefische.de\/wp-content\/uploads\/2024\/03\/IMG-20200510-WA0001-1024x768.jpg\" alt=\"\" class=\"wp-image-167\" srcset=\"https:\/\/www.dummefische.de\/wp-content\/uploads\/2024\/03\/IMG-20200510-WA0001-1024x768.jpg 1024w, https:\/\/www.dummefische.de\/wp-content\/uploads\/2024\/03\/IMG-20200510-WA0001-300x225.jpg 300w, https:\/\/www.dummefische.de\/wp-content\/uploads\/2024\/03\/IMG-20200510-WA0001-768x576.jpg 768w, https:\/\/www.dummefische.de\/wp-content\/uploads\/2024\/03\/IMG-20200510-WA0001-1536x1152.jpg 1536w, https:\/\/www.dummefische.de\/wp-content\/uploads\/2024\/03\/IMG-20200510-WA0001-210x158.jpg 210w, https:\/\/www.dummefische.de\/wp-content\/uploads\/2024\/03\/IMG-20200510-WA0001.jpg 1600w\" sizes=\"auto, (max-width: 980px) 100vw, 980px\" \/><\/figure>\n\n\n\n<p>F\u00fcr die Dachluke habe ich an einen Winkelstahl Flacheisen angeschwei\u00dft, um dieses dann als Laufschiene zu nutzen. Nat\u00fcrlich wieder mal alles aus Resten.<\/p>\n\n\n\n<figure class=\"wp-block-image size-full\"><img loading=\"lazy\" decoding=\"async\" width=\"980\" height=\"527\" src=\"https:\/\/www.dummefische.de\/wp-content\/uploads\/2024\/03\/IMG_20200516_160900.jpg\" alt=\"\" class=\"wp-image-169\" srcset=\"https:\/\/www.dummefische.de\/wp-content\/uploads\/2024\/03\/IMG_20200516_160900.jpg 980w, https:\/\/www.dummefische.de\/wp-content\/uploads\/2024\/03\/IMG_20200516_160900-300x161.jpg 300w, https:\/\/www.dummefische.de\/wp-content\/uploads\/2024\/03\/IMG_20200516_160900-768x413.jpg 768w, https:\/\/www.dummefische.de\/wp-content\/uploads\/2024\/03\/IMG_20200516_160900-210x113.jpg 210w\" sizes=\"auto, (max-width: 980px) 100vw, 980px\" \/><\/figure>\n\n\n\n<p>ein Schild darf nicht fehlen&#8230; \ud83d\ude09 &#8230;Walnut Grove<\/p>\n\n\n\n<figure class=\"wp-block-image size-full\"><img loading=\"lazy\" decoding=\"async\" width=\"756\" height=\"1008\" src=\"https:\/\/www.dummefische.de\/wp-content\/uploads\/2024\/03\/IMG_20200702_192216.jpg\" alt=\"\" class=\"wp-image-168\" srcset=\"https:\/\/www.dummefische.de\/wp-content\/uploads\/2024\/03\/IMG_20200702_192216.jpg 756w, https:\/\/www.dummefische.de\/wp-content\/uploads\/2024\/03\/IMG_20200702_192216-225x300.jpg 225w, https:\/\/www.dummefische.de\/wp-content\/uploads\/2024\/03\/IMG_20200702_192216-158x210.jpg 158w\" sizes=\"auto, (max-width: 756px) 100vw, 756px\" \/><\/figure>\n\n\n\n<p><\/p>\n","protected":false},"excerpt":{"rendered":"<p>Ein weiteres Ersatzobjekt f\u00fcr das abgerissene Nebengeb\u00e4ude war ein Carport mit Staufl\u00e4che im Pultdach 6x4m. Es begann mit der Einfassung des Bodenbereichs mittels normaler Rasenkantensteine in Beton. Punktfundamente vorbereitet und dann ca. 30cm Betonrecycling eingef\u00fcllt und alles sch\u00f6n festger\u00fcttelt. Eine Schicht Pflastersplitt und dann das ganze mit einem Schalbrett abgezogen&#8230; Leider haben unsere alten Pflastersteine [&hellip;]<\/p>\n","protected":false},"author":1,"featured_media":0,"parent":0,"menu_order":0,"comment_status":"open","ping_status":"closed","template":"","meta":{"footnotes":""},"class_list":["post-150","page","type-page","status-publish","hentry"],"_links":{"self":[{"href":"https:\/\/www.dummefische.de\/index.php\/wp-json\/wp\/v2\/pages\/150","targetHints":{"allow":["GET"]}}],"collection":[{"href":"https:\/\/www.dummefische.de\/index.php\/wp-json\/wp\/v2\/pages"}],"about":[{"href":"https:\/\/www.dummefische.de\/index.php\/wp-json\/wp\/v2\/types\/page"}],"author":[{"embeddable":true,"href":"https:\/\/www.dummefische.de\/index.php\/wp-json\/wp\/v2\/users\/1"}],"replies":[{"embeddable":true,"href":"https:\/\/www.dummefische.de\/index.php\/wp-json\/wp\/v2\/comments?post=150"}],"version-history":[{"count":6,"href":"https:\/\/www.dummefische.de\/index.php\/wp-json\/wp\/v2\/pages\/150\/revisions"}],"predecessor-version":[{"id":231,"href":"https:\/\/www.dummefische.de\/index.php\/wp-json\/wp\/v2\/pages\/150\/revisions\/231"}],"wp:attachment":[{"href":"https:\/\/www.dummefische.de\/index.php\/wp-json\/wp\/v2\/media?parent=150"}],"curies":[{"name":"wp","href":"https:\/\/api.w.org\/{rel}","templated":true}]}}